{"id":1291,"date":"2021-12-03T16:42:48","date_gmt":"2021-12-03T15:42:48","guid":{"rendered":"https:\/\/dr-gogl.it\/servizi\/prophylaxe\/"},"modified":"2022-07-29T17:06:40","modified_gmt":"2022-07-29T15:06:40","slug":"profilassi-bressanone","status":"publish","type":"page","link":"https:\/\/dr-gogl.it\/it\/servizi\/profilassi-bressanone\/","title":{"rendered":"Profilassi"},"content":{"rendered":"<div class=\"wpb-content-wrapper\"><p>[vc_row full_width=&#8221;0&#8243; full_height=&#8221;0&#8243; row_padding=&#8221;no_padding&#8221; particles=&#8221;0&#8243; css=&#8221;.vc_custom_1638546093336{padding-top: 64px !important;}&#8221; el_id=&#8221;wellbaby&#8221;][vc_column][vc_empty_space][\/vc_column][vc_column el_class=&#8221;col-md-push-6&#8243; margin=&#8221;margin_bottom_grid&#8221; offset=&#8221;vc_col-md-6&#8243;]<div class=\"pl_fixed_ratio_media   vc_custom_1639698431392\">\n    <div class=\"stretchy_wrapper ratio_16-9   bg_vcenter\" style=\"background-image: url('https:\/\/dr-gogl.it\/wp-content\/uploads\/2021\/12\/profilaxe-zahnfuersorge-sterzing.png');\">\n      <img decoding=\"async\" alt=\"\" src=\"https:\/\/dr-gogl.it\/wp-content\/uploads\/2021\/12\/profilaxe-zahnfuersorge-sterzing.png\">\n    <\/div>\n\n<\/div>[\/vc_column][vc_column el_class=&#8221;col-md-pull-6&#8243; offset=&#8221;vc_col-md-6&#8243;]<div class=\"section_header subtitle_bottom   fancy text-left\">\n\n    <h3>Profilassi<\/h3>\n\n\n        <p >Wellness per i denti!<\/p>\n<\/div>[vc_column_text]Una profilassi regolare \u00e8 la chiave della salute dentale per tutta la vita!<br \/>\nIl nostro obiettivo \u00e8 mantenere sani il pi\u00f9 a lungo possibile i vostri denti naturali.<br \/>\nPer prevenire le malattie gengivali e le carie e per individuarle precocemente, nel nostro studio diamo grande importanza alla profilassi individuale. In aggiunta alla cura personale dei denti, raccomandiamo controlli regolari e una pulizia dentale professionale due volte all&#8217;anno eseguita dal nostro team di esperti. Puliamo attentamente i vostri denti e rimuoviamo le discromie e la placca in modo delicato e accurato usando strumenti innovativi. La fluorizzazione alla fine della pulizia dentale protegge i vostri denti anche dagli attacchi degli acidi. Vi diamo inoltre dei consigli e vi mostriamo dei trucchi per una perfetta igiene orale.[\/vc_column_text][\/vc_column][\/vc_row][vc_row full_width=&#8221;0&#8243; full_height=&#8221;0&#8243; row_padding=&#8221;no_padding&#8221; particles=&#8221;0&#8243; css=&#8221;.vc_custom_1639758136233{padding-bottom: 64px !important;}&#8221;][vc_column offset=&#8221;vc_col-md-12&#8243;][vc_column_text]<strong>La nostra offerta di profilassi include:<\/strong><\/p>\n<ul>\n<li>visite di controllo regolari<\/li>\n<li>consulenza individuale di igiene orale con dimostrazione<\/li>\n<li>pulizia professionale dei denti con Airflow<\/li>\n<li>fluorizzazione dei denti<\/li>\n<li>scuola di pulizia dei denti per bambini<\/li>\n<li>sigillatura delle fessure<\/li>\n<\/ul>\n<p>[\/vc_column_text][\/vc_column][\/vc_row]<\/p>\n<\/div>","protected":false},"excerpt":{"rendered":"<p>[vc_row full_width=&#8221;0&#8243; full_height=&#8221;0&#8243; row_padding=&#8221;no_padding&#8221; particles=&#8221;0&#8243; css=&#8221;.vc_custom_1638546093336{padding-top: 64px !important;}&#8221; el_id=&#8221;wellbaby&#8221;][vc_column][vc_empty_space][\/vc_column][vc_column el_class=&#8221;col-md-push-6&#8243; margin=&#8221;margin_bottom_grid&#8221; offset=&#8221;vc_col-md-6&#8243;][\/vc_column][vc_column el_class=&#8221;col-md-pull-6&#8243; offset=&#8221;vc_col-md-6&#8243;][vc_column_text]Una profilassi regolare \u00e8 la chiave della salute dentale per tutta la vita! Il nostro obiettivo \u00e8 mantenere sani il pi\u00f9 a lungo possibile i vostri denti naturali. Per prevenire le malattie gengivali e le carie e per individuarle precocemente, nel nostro [&hellip;]<\/p>\n","protected":false},"author":1,"featured_media":1069,"parent":1270,"menu_order":0,"comment_status":"closed","ping_status":"closed","template":"","meta":{"footnotes":""},"class_list":["post-1291","page","type-page","status-publish","has-post-thumbnail","hentry"],"yoast_head":"<!-- This site is optimized with the Yoast SEO plugin v25.7 - https:\/\/yoast.com\/wordpress\/plugins\/seo\/ -->\n<title>Profilassi | Studio Dentistico Dott. Walter Gogl Bressanone<\/title>\n<meta name=\"description\" content=\"Profilassi Bressanone: Una profilassi regolare \u00e8 la chiave della salute dentale per tutta la vita!\" \/>\n<meta name=\"robots\" content=\"index, follow, max-snippet:-1, max-image-preview:large, max-video-preview:-1\" \/>\n<link rel=\"canonical\" href=\"https:\/\/dr-gogl.it\/it\/servizi\/profilassi-bressanone\/\" \/>\n<meta property=\"og:locale\" content=\"it_IT\" \/>\n<meta property=\"og:type\" content=\"article\" \/>\n<meta property=\"og:title\" content=\"Profilassi | Studio Dentistico Dott. Walter Gogl Bressanone\" \/>\n<meta property=\"og:description\" content=\"Profilassi Bressanone: Una profilassi regolare \u00e8 la chiave della salute dentale per tutta la vita!\" \/>\n<meta property=\"og:url\" content=\"https:\/\/dr-gogl.it\/it\/servizi\/profilassi-bressanone\/\" \/>\n<meta property=\"og:site_name\" content=\"Studio Dentistico Dott. Walter Gogl Bressanone\" \/>\n<meta property=\"article:modified_time\" content=\"2022-07-29T15:06:40+00:00\" \/>\n<meta property=\"og:image\" content=\"https:\/\/dr-gogl.it\/wp-content\/uploads\/2021\/12\/profilaxe-header.jpg\" \/>\n\t<meta property=\"og:image:width\" content=\"1440\" \/>\n\t<meta property=\"og:image:height\" content=\"400\" \/>\n\t<meta property=\"og:image:type\" content=\"image\/jpeg\" \/>\n<meta name=\"twitter:card\" content=\"summary_large_image\" \/>\n<meta name=\"twitter:label1\" content=\"Tempo di lettura stimato\" \/>\n\t<meta name=\"twitter:data1\" content=\"1 minuto\" \/>\n<script type=\"application\/ld+json\" class=\"yoast-schema-graph\">{\"@context\":\"https:\/\/schema.org\",\"@graph\":[{\"@type\":\"WebPage\",\"@id\":\"https:\/\/dr-gogl.it\/it\/servizi\/profilassi-bressanone\/\",\"url\":\"https:\/\/dr-gogl.it\/it\/servizi\/profilassi-bressanone\/\",\"name\":\"Profilassi | Studio Dentistico Dott. Walter Gogl Bressanone\",\"isPartOf\":{\"@id\":\"https:\/\/dr-gogl.it\/it\/#website\"},\"primaryImageOfPage\":{\"@id\":\"https:\/\/dr-gogl.it\/it\/servizi\/profilassi-bressanone\/#primaryimage\"},\"image\":{\"@id\":\"https:\/\/dr-gogl.it\/it\/servizi\/profilassi-bressanone\/#primaryimage\"},\"thumbnailUrl\":\"https:\/\/dr-gogl.it\/wp-content\/uploads\/2021\/12\/profilaxe-header.jpg\",\"datePublished\":\"2021-12-03T15:42:48+00:00\",\"dateModified\":\"2022-07-29T15:06:40+00:00\",\"description\":\"Profilassi Bressanone: Una profilassi regolare \u00e8 la chiave della salute dentale per tutta la vita!\",\"breadcrumb\":{\"@id\":\"https:\/\/dr-gogl.it\/it\/servizi\/profilassi-bressanone\/#breadcrumb\"},\"inLanguage\":\"it-IT\",\"potentialAction\":[{\"@type\":\"ReadAction\",\"target\":[\"https:\/\/dr-gogl.it\/it\/servizi\/profilassi-bressanone\/\"]}]},{\"@type\":\"ImageObject\",\"inLanguage\":\"it-IT\",\"@id\":\"https:\/\/dr-gogl.it\/it\/servizi\/profilassi-bressanone\/#primaryimage\",\"url\":\"https:\/\/dr-gogl.it\/wp-content\/uploads\/2021\/12\/profilaxe-header.jpg\",\"contentUrl\":\"https:\/\/dr-gogl.it\/wp-content\/uploads\/2021\/12\/profilaxe-header.jpg\",\"width\":1440,\"height\":400},{\"@type\":\"BreadcrumbList\",\"@id\":\"https:\/\/dr-gogl.it\/it\/servizi\/profilassi-bressanone\/#breadcrumb\",\"itemListElement\":[{\"@type\":\"ListItem\",\"position\":1,\"name\":\"Startseite\",\"item\":\"https:\/\/dr-gogl.it\/it\/\"},{\"@type\":\"ListItem\",\"position\":2,\"name\":\"Servizi\",\"item\":\"https:\/\/dr-gogl.it\/it\/servizi\/\"},{\"@type\":\"ListItem\",\"position\":3,\"name\":\"Profilassi\"}]},{\"@type\":\"WebSite\",\"@id\":\"https:\/\/dr-gogl.it\/it\/#website\",\"url\":\"https:\/\/dr-gogl.it\/it\/\",\"name\":\"Studio Dentistico Dott. Walter Gogl Bressanone\",\"description\":\"Ortodonzia e implantologia\",\"publisher\":{\"@id\":\"https:\/\/dr-gogl.it\/it\/#organization\"},\"potentialAction\":[{\"@type\":\"SearchAction\",\"target\":{\"@type\":\"EntryPoint\",\"urlTemplate\":\"https:\/\/dr-gogl.it\/it\/?s={search_term_string}\"},\"query-input\":{\"@type\":\"PropertyValueSpecification\",\"valueRequired\":true,\"valueName\":\"search_term_string\"}}],\"inLanguage\":\"it-IT\"},{\"@type\":\"Organization\",\"@id\":\"https:\/\/dr-gogl.it\/it\/#organization\",\"name\":\"Zahnarztpraxis Dr. univ. med. Walter Gogl\",\"url\":\"https:\/\/dr-gogl.it\/it\/\",\"logo\":{\"@type\":\"ImageObject\",\"inLanguage\":\"it-IT\",\"@id\":\"https:\/\/dr-gogl.it\/it\/#\/schema\/logo\/image\/\",\"url\":\"https:\/\/dr-gogl.it\/wp-content\/uploads\/2022\/06\/logo@2x_gogl.png\",\"contentUrl\":\"https:\/\/dr-gogl.it\/wp-content\/uploads\/2022\/06\/logo@2x_gogl.png\",\"width\":549,\"height\":150,\"caption\":\"Zahnarztpraxis Dr. univ. med. Walter Gogl\"},\"image\":{\"@id\":\"https:\/\/dr-gogl.it\/it\/#\/schema\/logo\/image\/\"}}]}<\/script>\n<!-- \/ Yoast SEO plugin. -->","yoast_head_json":{"title":"Profilassi | Studio Dentistico Dott. Walter Gogl Bressanone","description":"Profilassi Bressanone: Una profilassi regolare \u00e8 la chiave della salute dentale per tutta la vita!","robots":{"index":"index","follow":"follow","max-snippet":"max-snippet:-1","max-image-preview":"max-image-preview:large","max-video-preview":"max-video-preview:-1"},"canonical":"https:\/\/dr-gogl.it\/it\/servizi\/profilassi-bressanone\/","og_locale":"it_IT","og_type":"article","og_title":"Profilassi | Studio Dentistico Dott. Walter Gogl Bressanone","og_description":"Profilassi Bressanone: Una profilassi regolare \u00e8 la chiave della salute dentale per tutta la vita!","og_url":"https:\/\/dr-gogl.it\/it\/servizi\/profilassi-bressanone\/","og_site_name":"Studio Dentistico Dott. Walter Gogl Bressanone","article_modified_time":"2022-07-29T15:06:40+00:00","og_image":[{"width":1440,"height":400,"url":"https:\/\/dr-gogl.it\/wp-content\/uploads\/2021\/12\/profilaxe-header.jpg","type":"image\/jpeg"}],"twitter_card":"summary_large_image","twitter_misc":{"Tempo di lettura stimato":"1 minuto"},"schema":{"@context":"https:\/\/schema.org","@graph":[{"@type":"WebPage","@id":"https:\/\/dr-gogl.it\/it\/servizi\/profilassi-bressanone\/","url":"https:\/\/dr-gogl.it\/it\/servizi\/profilassi-bressanone\/","name":"Profilassi | Studio Dentistico Dott. Walter Gogl Bressanone","isPartOf":{"@id":"https:\/\/dr-gogl.it\/it\/#website"},"primaryImageOfPage":{"@id":"https:\/\/dr-gogl.it\/it\/servizi\/profilassi-bressanone\/#primaryimage"},"image":{"@id":"https:\/\/dr-gogl.it\/it\/servizi\/profilassi-bressanone\/#primaryimage"},"thumbnailUrl":"https:\/\/dr-gogl.it\/wp-content\/uploads\/2021\/12\/profilaxe-header.jpg","datePublished":"2021-12-03T15:42:48+00:00","dateModified":"2022-07-29T15:06:40+00:00","description":"Profilassi Bressanone: Una profilassi regolare \u00e8 la chiave della salute dentale per tutta la vita!","breadcrumb":{"@id":"https:\/\/dr-gogl.it\/it\/servizi\/profilassi-bressanone\/#breadcrumb"},"inLanguage":"it-IT","potentialAction":[{"@type":"ReadAction","target":["https:\/\/dr-gogl.it\/it\/servizi\/profilassi-bressanone\/"]}]},{"@type":"ImageObject","inLanguage":"it-IT","@id":"https:\/\/dr-gogl.it\/it\/servizi\/profilassi-bressanone\/#primaryimage","url":"https:\/\/dr-gogl.it\/wp-content\/uploads\/2021\/12\/profilaxe-header.jpg","contentUrl":"https:\/\/dr-gogl.it\/wp-content\/uploads\/2021\/12\/profilaxe-header.jpg","width":1440,"height":400},{"@type":"BreadcrumbList","@id":"https:\/\/dr-gogl.it\/it\/servizi\/profilassi-bressanone\/#breadcrumb","itemListElement":[{"@type":"ListItem","position":1,"name":"Startseite","item":"https:\/\/dr-gogl.it\/it\/"},{"@type":"ListItem","position":2,"name":"Servizi","item":"https:\/\/dr-gogl.it\/it\/servizi\/"},{"@type":"ListItem","position":3,"name":"Profilassi"}]},{"@type":"WebSite","@id":"https:\/\/dr-gogl.it\/it\/#website","url":"https:\/\/dr-gogl.it\/it\/","name":"Studio Dentistico Dott. Walter Gogl Bressanone","description":"Ortodonzia e implantologia","publisher":{"@id":"https:\/\/dr-gogl.it\/it\/#organization"},"potentialAction":[{"@type":"SearchAction","target":{"@type":"EntryPoint","urlTemplate":"https:\/\/dr-gogl.it\/it\/?s={search_term_string}"},"query-input":{"@type":"PropertyValueSpecification","valueRequired":true,"valueName":"search_term_string"}}],"inLanguage":"it-IT"},{"@type":"Organization","@id":"https:\/\/dr-gogl.it\/it\/#organization","name":"Zahnarztpraxis Dr. univ. med. Walter Gogl","url":"https:\/\/dr-gogl.it\/it\/","logo":{"@type":"ImageObject","inLanguage":"it-IT","@id":"https:\/\/dr-gogl.it\/it\/#\/schema\/logo\/image\/","url":"https:\/\/dr-gogl.it\/wp-content\/uploads\/2022\/06\/logo@2x_gogl.png","contentUrl":"https:\/\/dr-gogl.it\/wp-content\/uploads\/2022\/06\/logo@2x_gogl.png","width":549,"height":150,"caption":"Zahnarztpraxis Dr. univ. med. Walter Gogl"},"image":{"@id":"https:\/\/dr-gogl.it\/it\/#\/schema\/logo\/image\/"}}]}},"_links":{"self":[{"href":"https:\/\/dr-gogl.it\/it\/wp-json\/wp\/v2\/pages\/1291","targetHints":{"allow":["GET"]}}],"collection":[{"href":"https:\/\/dr-gogl.it\/it\/wp-json\/wp\/v2\/pages"}],"about":[{"href":"https:\/\/dr-gogl.it\/it\/wp-json\/wp\/v2\/types\/page"}],"author":[{"embeddable":true,"href":"https:\/\/dr-gogl.it\/it\/wp-json\/wp\/v2\/users\/1"}],"replies":[{"embeddable":true,"href":"https:\/\/dr-gogl.it\/it\/wp-json\/wp\/v2\/comments?post=1291"}],"version-history":[{"count":9,"href":"https:\/\/dr-gogl.it\/it\/wp-json\/wp\/v2\/pages\/1291\/revisions"}],"predecessor-version":[{"id":1922,"href":"https:\/\/dr-gogl.it\/it\/wp-json\/wp\/v2\/pages\/1291\/revisions\/1922"}],"up":[{"embeddable":true,"href":"https:\/\/dr-gogl.it\/it\/wp-json\/wp\/v2\/pages\/1270"}],"wp:featuredmedia":[{"embeddable":true,"href":"https:\/\/dr-gogl.it\/it\/wp-json\/wp\/v2\/media\/1069"}],"wp:attachment":[{"href":"https:\/\/dr-gogl.it\/it\/wp-json\/wp\/v2\/media?parent=1291"}],"curies":[{"name":"wp","href":"https:\/\/api.w.org\/{rel}","templated":true}]}}