{"id":1664,"date":"2022-07-29T17:07:20","date_gmt":"2022-07-29T15:07:20","guid":{"rendered":"https:\/\/dr-gogl.it\/?page_id=1664"},"modified":"2022-07-29T17:07:52","modified_gmt":"2022-07-29T15:07:52","slug":"sbiancamento-dentale","status":"publish","type":"page","link":"https:\/\/dr-gogl.it\/it\/servizi\/sbiancamento-dentale\/","title":{"rendered":"Sbiancamento dentale"},"content":{"rendered":"<div class=\"wpb-content-wrapper\"><p>[vc_row full_width=&#8221;0&#8243; full_height=&#8221;0&#8243; row_padding=&#8221;no_padding&#8221; particles=&#8221;0&#8243; css=&#8221;.vc_custom_1638547268239{padding-top: 64px !important;}&#8221;][vc_column][vc_empty_space][\/vc_column][\/vc_row][vc_row full_width=&#8221;0&#8243; full_height=&#8221;0&#8243; row_padding=&#8221;no_padding&#8221; particles=&#8221;0&#8243; css=&#8221;.vc_custom_1638547272751{padding-top: 64px !important;padding-bottom: 64px !important;}&#8221; el_id=&#8221;kinderzahnheilkunde&#8221;][vc_column margin=&#8221;margin_bottom_grid&#8221; offset=&#8221;vc_col-md-6&#8243;]<div class=\"pl_fixed_ratio_media   vc_custom_1638895448362\">\n    <div class=\"stretchy_wrapper ratio_16-9   bg_vcenter\" style=\"background-image: url('https:\/\/dr-gogl.it\/wp-content\/uploads\/2021\/12\/kinder-zahnheilkunde-2.png');\">\n      <img decoding=\"async\" alt=\"\" src=\"https:\/\/dr-gogl.it\/wp-content\/uploads\/2021\/12\/kinder-zahnheilkunde-2.png\">\n    <\/div>\n\n<\/div>[\/vc_column][vc_column offset=&#8221;vc_col-md-6&#8243;]<div class=\"section_header subtitle_bottom   fancy text-left\">\n\n    <h2>Sbiancamento dentale<\/h2>\n\n\n        <p >Denti pi\u00f9 spendenti - con una sola seduta<\/p>\n<\/div>[vc_column_text]Lo sbiancamento dentale (bleaching) \u00e8 un metodo di estetica dentale che permette di eliminare una colorazione indesiderata dello smalto visibile dei denti, garantendo in questo modo un sorriso bianco e radioso. Molte persone hanno per natura una colorazione chiara dei denti. Una leggera colorazione scura nel corso della vita \u00e8 normale: con il tempo dei pigmenti colorati si depositano sui denti. Questo effetto pu\u00f2 essere causato dal consumo di t\u00e8, caff\u00e8 o tabacco. Spesso \u00e8 sufficiente una pulizia professionale dei denti per ottenere denti pi\u00f9 brillanti. Tuttavia, se le sostanze coloranti si sono depositate nella dentina sotto lo smalto, una pulizia esterna dei denti non riesce pi\u00f9 a rimuoverle. \u00c8 qui che entra in gioco lo sbiancamento dentale.<\/p>\n<p>Nello studio del Dott. Gogl \u00e8 possibile sbiancare i denti in modo efficace, pratico e senza danneggiare lo smalto. Venite nel nostro studio per una consulenza non vincolante sullo sbiancamento dentale.[\/vc_column_text][\/vc_column][\/vc_row]<\/p>\n<\/div>","protected":false},"excerpt":{"rendered":"<p>[vc_row full_width=&#8221;0&#8243; full_height=&#8221;0&#8243; row_padding=&#8221;no_padding&#8221; particles=&#8221;0&#8243; css=&#8221;.vc_custom_1638547268239{padding-top: 64px !important;}&#8221;][vc_column][vc_empty_space][\/vc_column][\/vc_row][vc_row full_width=&#8221;0&#8243; full_height=&#8221;0&#8243; row_padding=&#8221;no_padding&#8221; particles=&#8221;0&#8243; css=&#8221;.vc_custom_1638547272751{padding-top: 64px !important;padding-bottom: 64px !important;}&#8221; el_id=&#8221;kinderzahnheilkunde&#8221;][vc_column margin=&#8221;margin_bottom_grid&#8221; offset=&#8221;vc_col-md-6&#8243;][\/vc_column][vc_column offset=&#8221;vc_col-md-6&#8243;][vc_column_text]Lo sbiancamento dentale (bleaching) \u00e8 un metodo di estetica dentale che permette di eliminare una colorazione indesiderata dello smalto visibile dei denti, garantendo in questo modo un sorriso bianco e radioso. Molte persone hanno per [&hellip;]<\/p>\n","protected":false},"author":1,"featured_media":1071,"parent":1270,"menu_order":0,"comment_status":"closed","ping_status":"closed","template":"","meta":{"footnotes":""},"class_list":["post-1664","page","type-page","status-publish","has-post-thumbnail","hentry"],"yoast_head":"<!-- This site is optimized with the Yoast SEO plugin v25.7 - https:\/\/yoast.com\/wordpress\/plugins\/seo\/ -->\n<title>Sbiancamento dentale | Studio Dentistico Dott. Walter Gogl Bressanone<\/title>\n<meta name=\"description\" content=\"Lo sbiancamento dentale \u00e8 un metodo di estetica dentale che permette di eliminare una colorazione indesiderata dello smalto visibile dei denti.\" \/>\n<meta name=\"robots\" content=\"index, follow, max-snippet:-1, max-image-preview:large, max-video-preview:-1\" \/>\n<link rel=\"canonical\" href=\"https:\/\/dr-gogl.it\/it\/servizi\/sbiancamento-dentale\/\" \/>\n<meta property=\"og:locale\" content=\"it_IT\" \/>\n<meta property=\"og:type\" content=\"article\" \/>\n<meta property=\"og:title\" content=\"Sbiancamento dentale | Studio Dentistico Dott. Walter Gogl Bressanone\" \/>\n<meta property=\"og:description\" content=\"Lo sbiancamento dentale \u00e8 un metodo di estetica dentale che permette di eliminare una colorazione indesiderata dello smalto visibile dei denti.\" \/>\n<meta property=\"og:url\" content=\"https:\/\/dr-gogl.it\/it\/servizi\/sbiancamento-dentale\/\" \/>\n<meta property=\"og:site_name\" content=\"Studio Dentistico Dott. Walter Gogl Bressanone\" \/>\n<meta property=\"article:modified_time\" content=\"2022-07-29T15:07:52+00:00\" \/>\n<meta property=\"og:image\" content=\"https:\/\/dr-gogl.it\/wp-content\/uploads\/2021\/12\/kinder-zahnarzt-praxis-sterzing.jpg\" \/>\n\t<meta property=\"og:image:width\" content=\"1440\" \/>\n\t<meta property=\"og:image:height\" content=\"400\" \/>\n\t<meta property=\"og:image:type\" content=\"image\/jpeg\" \/>\n<meta name=\"twitter:card\" content=\"summary_large_image\" \/>\n<meta name=\"twitter:label1\" content=\"Tempo di lettura stimato\" \/>\n\t<meta name=\"twitter:data1\" content=\"1 minuto\" \/>\n<script type=\"application\/ld+json\" class=\"yoast-schema-graph\">{\"@context\":\"https:\/\/schema.org\",\"@graph\":[{\"@type\":\"WebPage\",\"@id\":\"https:\/\/dr-gogl.it\/it\/servizi\/sbiancamento-dentale\/\",\"url\":\"https:\/\/dr-gogl.it\/it\/servizi\/sbiancamento-dentale\/\",\"name\":\"Sbiancamento dentale | Studio Dentistico Dott. Walter Gogl Bressanone\",\"isPartOf\":{\"@id\":\"https:\/\/dr-gogl.it\/it\/#website\"},\"primaryImageOfPage\":{\"@id\":\"https:\/\/dr-gogl.it\/it\/servizi\/sbiancamento-dentale\/#primaryimage\"},\"image\":{\"@id\":\"https:\/\/dr-gogl.it\/it\/servizi\/sbiancamento-dentale\/#primaryimage\"},\"thumbnailUrl\":\"https:\/\/dr-gogl.it\/wp-content\/uploads\/2021\/12\/kinder-zahnarzt-praxis-sterzing.jpg\",\"datePublished\":\"2022-07-29T15:07:20+00:00\",\"dateModified\":\"2022-07-29T15:07:52+00:00\",\"description\":\"Lo sbiancamento dentale \u00e8 un metodo di estetica dentale che permette di eliminare una colorazione indesiderata dello smalto visibile dei denti.\",\"breadcrumb\":{\"@id\":\"https:\/\/dr-gogl.it\/it\/servizi\/sbiancamento-dentale\/#breadcrumb\"},\"inLanguage\":\"it-IT\",\"potentialAction\":[{\"@type\":\"ReadAction\",\"target\":[\"https:\/\/dr-gogl.it\/it\/servizi\/sbiancamento-dentale\/\"]}]},{\"@type\":\"ImageObject\",\"inLanguage\":\"it-IT\",\"@id\":\"https:\/\/dr-gogl.it\/it\/servizi\/sbiancamento-dentale\/#primaryimage\",\"url\":\"https:\/\/dr-gogl.it\/wp-content\/uploads\/2021\/12\/kinder-zahnarzt-praxis-sterzing.jpg\",\"contentUrl\":\"https:\/\/dr-gogl.it\/wp-content\/uploads\/2021\/12\/kinder-zahnarzt-praxis-sterzing.jpg\",\"width\":1440,\"height\":400,\"caption\":\"Dentista per bambini a Bressanone\"},{\"@type\":\"BreadcrumbList\",\"@id\":\"https:\/\/dr-gogl.it\/it\/servizi\/sbiancamento-dentale\/#breadcrumb\",\"itemListElement\":[{\"@type\":\"ListItem\",\"position\":1,\"name\":\"Startseite\",\"item\":\"https:\/\/dr-gogl.it\/it\/\"},{\"@type\":\"ListItem\",\"position\":2,\"name\":\"Servizi\",\"item\":\"https:\/\/dr-gogl.it\/it\/servizi\/\"},{\"@type\":\"ListItem\",\"position\":3,\"name\":\"Sbiancamento dentale\"}]},{\"@type\":\"WebSite\",\"@id\":\"https:\/\/dr-gogl.it\/it\/#website\",\"url\":\"https:\/\/dr-gogl.it\/it\/\",\"name\":\"Studio Dentistico Dott. Walter Gogl Bressanone\",\"description\":\"Ortodonzia e implantologia\",\"publisher\":{\"@id\":\"https:\/\/dr-gogl.it\/it\/#organization\"},\"potentialAction\":[{\"@type\":\"SearchAction\",\"target\":{\"@type\":\"EntryPoint\",\"urlTemplate\":\"https:\/\/dr-gogl.it\/it\/?s={search_term_string}\"},\"query-input\":{\"@type\":\"PropertyValueSpecification\",\"valueRequired\":true,\"valueName\":\"search_term_string\"}}],\"inLanguage\":\"it-IT\"},{\"@type\":\"Organization\",\"@id\":\"https:\/\/dr-gogl.it\/it\/#organization\",\"name\":\"Zahnarztpraxis Dr. univ. med. Walter Gogl\",\"url\":\"https:\/\/dr-gogl.it\/it\/\",\"logo\":{\"@type\":\"ImageObject\",\"inLanguage\":\"it-IT\",\"@id\":\"https:\/\/dr-gogl.it\/it\/#\/schema\/logo\/image\/\",\"url\":\"https:\/\/dr-gogl.it\/wp-content\/uploads\/2022\/06\/logo@2x_gogl.png\",\"contentUrl\":\"https:\/\/dr-gogl.it\/wp-content\/uploads\/2022\/06\/logo@2x_gogl.png\",\"width\":549,\"height\":150,\"caption\":\"Zahnarztpraxis Dr. univ. med. Walter Gogl\"},\"image\":{\"@id\":\"https:\/\/dr-gogl.it\/it\/#\/schema\/logo\/image\/\"}}]}<\/script>\n<!-- \/ Yoast SEO plugin. -->","yoast_head_json":{"title":"Sbiancamento dentale | Studio Dentistico Dott. Walter Gogl Bressanone","description":"Lo sbiancamento dentale \u00e8 un metodo di estetica dentale che permette di eliminare una colorazione indesiderata dello smalto visibile dei denti.","robots":{"index":"index","follow":"follow","max-snippet":"max-snippet:-1","max-image-preview":"max-image-preview:large","max-video-preview":"max-video-preview:-1"},"canonical":"https:\/\/dr-gogl.it\/it\/servizi\/sbiancamento-dentale\/","og_locale":"it_IT","og_type":"article","og_title":"Sbiancamento dentale | Studio Dentistico Dott. Walter Gogl Bressanone","og_description":"Lo sbiancamento dentale \u00e8 un metodo di estetica dentale che permette di eliminare una colorazione indesiderata dello smalto visibile dei denti.","og_url":"https:\/\/dr-gogl.it\/it\/servizi\/sbiancamento-dentale\/","og_site_name":"Studio Dentistico Dott. Walter Gogl Bressanone","article_modified_time":"2022-07-29T15:07:52+00:00","og_image":[{"width":1440,"height":400,"url":"https:\/\/dr-gogl.it\/wp-content\/uploads\/2021\/12\/kinder-zahnarzt-praxis-sterzing.jpg","type":"image\/jpeg"}],"twitter_card":"summary_large_image","twitter_misc":{"Tempo di lettura stimato":"1 minuto"},"schema":{"@context":"https:\/\/schema.org","@graph":[{"@type":"WebPage","@id":"https:\/\/dr-gogl.it\/it\/servizi\/sbiancamento-dentale\/","url":"https:\/\/dr-gogl.it\/it\/servizi\/sbiancamento-dentale\/","name":"Sbiancamento dentale | Studio Dentistico Dott. Walter Gogl Bressanone","isPartOf":{"@id":"https:\/\/dr-gogl.it\/it\/#website"},"primaryImageOfPage":{"@id":"https:\/\/dr-gogl.it\/it\/servizi\/sbiancamento-dentale\/#primaryimage"},"image":{"@id":"https:\/\/dr-gogl.it\/it\/servizi\/sbiancamento-dentale\/#primaryimage"},"thumbnailUrl":"https:\/\/dr-gogl.it\/wp-content\/uploads\/2021\/12\/kinder-zahnarzt-praxis-sterzing.jpg","datePublished":"2022-07-29T15:07:20+00:00","dateModified":"2022-07-29T15:07:52+00:00","description":"Lo sbiancamento dentale \u00e8 un metodo di estetica dentale che permette di eliminare una colorazione indesiderata dello smalto visibile dei denti.","breadcrumb":{"@id":"https:\/\/dr-gogl.it\/it\/servizi\/sbiancamento-dentale\/#breadcrumb"},"inLanguage":"it-IT","potentialAction":[{"@type":"ReadAction","target":["https:\/\/dr-gogl.it\/it\/servizi\/sbiancamento-dentale\/"]}]},{"@type":"ImageObject","inLanguage":"it-IT","@id":"https:\/\/dr-gogl.it\/it\/servizi\/sbiancamento-dentale\/#primaryimage","url":"https:\/\/dr-gogl.it\/wp-content\/uploads\/2021\/12\/kinder-zahnarzt-praxis-sterzing.jpg","contentUrl":"https:\/\/dr-gogl.it\/wp-content\/uploads\/2021\/12\/kinder-zahnarzt-praxis-sterzing.jpg","width":1440,"height":400,"caption":"Dentista per bambini a Bressanone"},{"@type":"BreadcrumbList","@id":"https:\/\/dr-gogl.it\/it\/servizi\/sbiancamento-dentale\/#breadcrumb","itemListElement":[{"@type":"ListItem","position":1,"name":"Startseite","item":"https:\/\/dr-gogl.it\/it\/"},{"@type":"ListItem","position":2,"name":"Servizi","item":"https:\/\/dr-gogl.it\/it\/servizi\/"},{"@type":"ListItem","position":3,"name":"Sbiancamento dentale"}]},{"@type":"WebSite","@id":"https:\/\/dr-gogl.it\/it\/#website","url":"https:\/\/dr-gogl.it\/it\/","name":"Studio Dentistico Dott. Walter Gogl Bressanone","description":"Ortodonzia e implantologia","publisher":{"@id":"https:\/\/dr-gogl.it\/it\/#organization"},"potentialAction":[{"@type":"SearchAction","target":{"@type":"EntryPoint","urlTemplate":"https:\/\/dr-gogl.it\/it\/?s={search_term_string}"},"query-input":{"@type":"PropertyValueSpecification","valueRequired":true,"valueName":"search_term_string"}}],"inLanguage":"it-IT"},{"@type":"Organization","@id":"https:\/\/dr-gogl.it\/it\/#organization","name":"Zahnarztpraxis Dr. univ. med. Walter Gogl","url":"https:\/\/dr-gogl.it\/it\/","logo":{"@type":"ImageObject","inLanguage":"it-IT","@id":"https:\/\/dr-gogl.it\/it\/#\/schema\/logo\/image\/","url":"https:\/\/dr-gogl.it\/wp-content\/uploads\/2022\/06\/logo@2x_gogl.png","contentUrl":"https:\/\/dr-gogl.it\/wp-content\/uploads\/2022\/06\/logo@2x_gogl.png","width":549,"height":150,"caption":"Zahnarztpraxis Dr. univ. med. Walter Gogl"},"image":{"@id":"https:\/\/dr-gogl.it\/it\/#\/schema\/logo\/image\/"}}]}},"_links":{"self":[{"href":"https:\/\/dr-gogl.it\/it\/wp-json\/wp\/v2\/pages\/1664","targetHints":{"allow":["GET"]}}],"collection":[{"href":"https:\/\/dr-gogl.it\/it\/wp-json\/wp\/v2\/pages"}],"about":[{"href":"https:\/\/dr-gogl.it\/it\/wp-json\/wp\/v2\/types\/page"}],"author":[{"embeddable":true,"href":"https:\/\/dr-gogl.it\/it\/wp-json\/wp\/v2\/users\/1"}],"replies":[{"embeddable":true,"href":"https:\/\/dr-gogl.it\/it\/wp-json\/wp\/v2\/comments?post=1664"}],"version-history":[{"count":4,"href":"https:\/\/dr-gogl.it\/it\/wp-json\/wp\/v2\/pages\/1664\/revisions"}],"predecessor-version":[{"id":1924,"href":"https:\/\/dr-gogl.it\/it\/wp-json\/wp\/v2\/pages\/1664\/revisions\/1924"}],"up":[{"embeddable":true,"href":"https:\/\/dr-gogl.it\/it\/wp-json\/wp\/v2\/pages\/1270"}],"wp:featuredmedia":[{"embeddable":true,"href":"https:\/\/dr-gogl.it\/it\/wp-json\/wp\/v2\/media\/1071"}],"wp:attachment":[{"href":"https:\/\/dr-gogl.it\/it\/wp-json\/wp\/v2\/media?parent=1664"}],"curies":[{"name":"wp","href":"https:\/\/api.w.org\/{rel}","templated":true}]}}